{"id":426,"date":"2025-03-07T02:36:28","date_gmt":"2025-03-07T02:36:28","guid":{"rendered":"https:\/\/envrio.eu\/efxinnos\/?page_id=426"},"modified":"2026-02-13T14:46:44","modified_gmt":"2026-02-13T14:46:44","slug":"partners","status":"publish","type":"page","link":"https:\/\/envrio.eu\/efxinnos\/partners\/","title":{"rendered":"Project Partners"},"content":{"rendered":"\t\t<div data-elementor-type=\"wp-page\" data-elementor-id=\"426\" class=\"elementor elementor-426\">\n\t\t\t\t<div class=\"elementor-element elementor-element-2b07768 e-flex e-con-boxed wpr-particle-no wpr-jarallax-no wpr-parallax-no wpr-sticky-section-no e-con e-parent\" data-id=\"2b07768\" data-element_type=\"container\">\n\t\t\t\t\t<div class=\"e-con-inner\">\n\t\t\t\t<div class=\"elementor-element elementor-element-ad195b5 elementor-position-left elementor-vertical-align-middle elementor-widget elementor-widget-image-box\" data-id=\"ad195b5\" data-element_type=\"widget\" data-widget_type=\"image-box.default\">\n\t\t\t\t<div class=\"elementor-widget-container\">\n\t\t\t\t\t<div class=\"elementor-image-box-wrapper\"><figure class=\"elementor-image-box-img\"><a href=\"https:\/\/env.duth.gr\/en\/home\/\" tabindex=\"-1\"><img decoding=\"async\" width=\"181\" height=\"160\" src=\"https:\/\/envrio.eu\/efxinnos\/wp-content\/uploads\/2025\/11\/dimokriteio_logo_gr-en2-removebg-preview.png\" class=\"attachment-full size-full wp-image-1502\" alt=\"\" \/><\/a><\/figure><div class=\"elementor-image-box-content\"><h3 class=\"elementor-image-box-title\"><a href=\"https:\/\/env.duth.gr\/en\/home\/\">Democritus University of Thrace-School of Engineering-Special Account for Research Funds<\/a><\/h3><p class=\"elementor-image-box-description\">Ell\u00e1da (EL) | Vas. Sofias 12, Xanthi 67100<\/p><\/div><\/div>\t\t\t\t<\/div>\n\t\t\t\t<\/div>\n\t\t\t\t<div class=\"elementor-element elementor-element-5c34866 elementor-position-left elementor-vertical-align-middle elementor-widget elementor-widget-image-box\" data-id=\"5c34866\" data-element_type=\"widget\" data-widget_type=\"image-box.default\">\n\t\t\t\t<div class=\"elementor-widget-container\">\n\t\t\t\t\t<div class=\"elementor-image-box-wrapper\"><figure class=\"elementor-image-box-img\"><a href=\"https:\/\/www.ubbsla.org\/\" tabindex=\"-1\"><img decoding=\"async\" width=\"150\" height=\"150\" src=\"https:\/\/envrio.eu\/efxinnos\/wp-content\/uploads\/2025\/11\/UBBSLA-150x150-1.png\" class=\"attachment-full size-full wp-image-1512\" alt=\"\" \/><\/a><\/figure><div class=\"elementor-image-box-content\"><h3 class=\"elementor-image-box-title\"><a href=\"https:\/\/www.ubbsla.org\/\">Union of Bulgarian Black Sea Local Authorities<\/a><\/h3><p class=\"elementor-image-box-description\">Bulgaria (BG) | Preslav str. No.4\n9004 Varna<\/p><\/div><\/div>\t\t\t\t<\/div>\n\t\t\t\t<\/div>\n\t\t\t\t<div class=\"elementor-element elementor-element-f7b730a elementor-position-left elementor-vertical-align-middle elementor-widget elementor-widget-image-box\" data-id=\"f7b730a\" data-element_type=\"widget\" data-widget_type=\"image-box.default\">\n\t\t\t\t<div class=\"elementor-widget-container\">\n\t\t\t\t\t<div class=\"elementor-image-box-wrapper\"><figure class=\"elementor-image-box-img\"><a href=\"https:\/\/www.rmri.ro\/Home\/Home.html?lang=en\" tabindex=\"-1\"><img fetchpriority=\"high\" decoding=\"async\" width=\"610\" height=\"186\" src=\"https:\/\/envrio.eu\/efxinnos\/wp-content\/uploads\/2026\/02\/Logo-1-incdm.png\" class=\"attachment-full size-full wp-image-1573\" alt=\"\" srcset=\"https:\/\/envrio.eu\/efxinnos\/wp-content\/uploads\/2026\/02\/Logo-1-incdm.png 610w, https:\/\/envrio.eu\/efxinnos\/wp-content\/uploads\/2026\/02\/Logo-1-incdm-300x91.png 300w\" sizes=\"(max-width: 610px) 100vw, 610px\" \/><\/a><\/figure><div class=\"elementor-image-box-content\"><h3 class=\"elementor-image-box-title\"><a href=\"https:\/\/www.rmri.ro\/Home\/Home.html?lang=en\">National Institute for Marine Research and Development \u201dGrigore Antipa\u201d <\/a><\/h3><p class=\"elementor-image-box-description\">Rom\u00e2nia (RO) | Mamaia Blvd. 300\n900581 Constanta<\/p><\/div><\/div>\t\t\t\t<\/div>\n\t\t\t\t<\/div>\n\t\t\t\t<div class=\"elementor-element elementor-element-e16cfdb elementor-position-left elementor-vertical-align-middle elementor-widget elementor-widget-image-box\" data-id=\"e16cfdb\" data-element_type=\"widget\" data-widget_type=\"image-box.default\">\n\t\t\t\t<div class=\"elementor-widget-container\">\n\t\t\t\t\t<div class=\"elementor-image-box-wrapper\"><figure class=\"elementor-image-box-img\"><a href=\"https:\/\/iliauni.edu.ge\/en\/\" tabindex=\"-1\"><img loading=\"lazy\" decoding=\"async\" width=\"150\" height=\"150\" src=\"https:\/\/envrio.eu\/efxinnos\/wp-content\/uploads\/2025\/11\/ISU-Georgia-Logo-removebg-preview-150x150-1.png\" class=\"attachment-full size-full wp-image-1526\" alt=\"\" \/><\/a><\/figure><div class=\"elementor-image-box-content\"><h3 class=\"elementor-image-box-title\"><a href=\"https:\/\/iliauni.edu.ge\/en\/\">Ilia State University<\/a><\/h3><p class=\"elementor-image-box-description\">Georgia (GE) | kakutsa Cholokashvili str 3\/5\n0162 Tbilisi<\/p><\/div><\/div>\t\t\t\t<\/div>\n\t\t\t\t<\/div>\n\t\t\t\t<div class=\"elementor-element elementor-element-84064f2 elementor-position-left elementor-vertical-align-middle elementor-widget elementor-widget-image-box\" data-id=\"84064f2\" data-element_type=\"widget\" data-widget_type=\"image-box.default\">\n\t\t\t\t<div class=\"elementor-widget-container\">\n\t\t\t\t\t<div class=\"elementor-image-box-wrapper\"><figure class=\"elementor-image-box-img\"><a href=\"https:\/\/subilimleri.istanbul.edu.tr\/en\/_\" tabindex=\"-1\"><img loading=\"lazy\" decoding=\"async\" width=\"300\" height=\"300\" src=\"https:\/\/envrio.eu\/efxinnos\/wp-content\/uploads\/2025\/11\/istanbul_university_logo-300x300-1.png\" class=\"attachment-full size-full wp-image-1530\" alt=\"\" srcset=\"https:\/\/envrio.eu\/efxinnos\/wp-content\/uploads\/2025\/11\/istanbul_university_logo-300x300-1.png 300w, https:\/\/envrio.eu\/efxinnos\/wp-content\/uploads\/2025\/11\/istanbul_university_logo-300x300-1-150x150.png 150w\" sizes=\"(max-width: 300px) 100vw, 300px\" \/><\/a><\/figure><div class=\"elementor-image-box-content\"><h3 class=\"elementor-image-box-title\"><a href=\"https:\/\/subilimleri.istanbul.edu.tr\/en\/_\">Istanbul University<\/a><\/h3><p class=\"elementor-image-box-description\">T\u00fcrkiye (TR) | \u0130stanbul \u00dcniversitesi Rekt\u00f6rl\u00fc\u011f\u00fc 15\n34452 Beyaz\u0131t\/Fatih\/\u0130stanbul<\/p><\/div><\/div>\t\t\t\t<\/div>\n\t\t\t\t<\/div>\n\t\t\t\t<div class=\"elementor-element elementor-element-c395c61 elementor-position-left elementor-vertical-align-middle elementor-widget elementor-widget-image-box\" data-id=\"c395c61\" data-element_type=\"widget\" data-widget_type=\"image-box.default\">\n\t\t\t\t<div class=\"elementor-widget-container\">\n\t\t\t\t\t<div class=\"elementor-image-box-wrapper\"><figure class=\"elementor-image-box-img\"><a href=\"https:\/\/fs.tu-varna.bg\/\" tabindex=\"-1\"><img loading=\"lazy\" decoding=\"async\" width=\"132\" height=\"150\" src=\"https:\/\/envrio.eu\/efxinnos\/wp-content\/uploads\/2025\/11\/TUV_logo-removebg-preview.png\" class=\"attachment-full size-full wp-image-1534\" alt=\"\" \/><\/a><\/figure><div class=\"elementor-image-box-content\"><h3 class=\"elementor-image-box-title\"><a href=\"https:\/\/fs.tu-varna.bg\/\">Technical University of Bulgaria<\/a><\/h3><p class=\"elementor-image-box-description\">Bulgaria (BG) | Studentska 1\n9010 Varna<\/p><\/div><\/div>\t\t\t\t<\/div>\n\t\t\t\t<\/div>\n\t\t\t\t\t<\/div>\n\t\t\t\t<\/div>\n\t\t\t\t<\/div>\n\t\t","protected":false},"excerpt":{"rendered":"<p>Democritus University of Thrace-School of Engineering-Special Account for Research Funds Ell\u00e1da (EL) | Vas. Sofias 12, Xanthi 67100 Union of&hellip;<\/p>\n","protected":false},"author":1,"featured_media":0,"parent":0,"menu_order":0,"comment_status":"closed","ping_status":"closed","template":"","meta":{"footnotes":""},"class_list":["post-426","page","type-page","status-publish","hentry"],"_links":{"self":[{"href":"https:\/\/envrio.eu\/efxinnos\/wp-json\/wp\/v2\/pages\/426","targetHints":{"allow":["GET"]}}],"collection":[{"href":"https:\/\/envrio.eu\/efxinnos\/wp-json\/wp\/v2\/pages"}],"about":[{"href":"https:\/\/envrio.eu\/efxinnos\/wp-json\/wp\/v2\/types\/page"}],"author":[{"embeddable":true,"href":"https:\/\/envrio.eu\/efxinnos\/wp-json\/wp\/v2\/users\/1"}],"replies":[{"embeddable":true,"href":"https:\/\/envrio.eu\/efxinnos\/wp-json\/wp\/v2\/comments?post=426"}],"version-history":[{"count":39,"href":"https:\/\/envrio.eu\/efxinnos\/wp-json\/wp\/v2\/pages\/426\/revisions"}],"predecessor-version":[{"id":1591,"href":"https:\/\/envrio.eu\/efxinnos\/wp-json\/wp\/v2\/pages\/426\/revisions\/1591"}],"wp:attachment":[{"href":"https:\/\/envrio.eu\/efxinnos\/wp-json\/wp\/v2\/media?parent=426"}],"curies":[{"name":"wp","href":"https:\/\/api.w.org\/{rel}","templated":true}]}}